{"id":103,"date":"2021-04-19T14:25:37","date_gmt":"2021-04-19T14:25:37","guid":{"rendered":"http:\/\/mainfeldfrankfurt.de\/?page_id=103"},"modified":"2021-07-16T10:34:11","modified_gmt":"2021-07-16T10:34:11","slug":"ausstattung","status":"publish","type":"page","link":"https:\/\/mainfeldfrankfurt.de\/?page_id=103","title":{"rendered":"Ausstattung"},"content":{"rendered":"<p>Das Haus MAINFELD | Raum f\u00fcr Kultur wurde 2009 komplett saniert und innenarchitektonisch als Veranstaltungszentrum ausgestattet. In Passivbauweise errichtet, gew\u00e4hrleistet es g\u00fcnstige Betriebskosten, die wir an die Mieterinnen und Mieter weitergeben.<\/p>\n<p>Wir bieten eine umfangreiche Ausstattung f\u00fcr verschiedenste Veranstaltungen an. Diese reicht von kostenlosem WLAN sowie LAN-Anschl\u00fcsse in jedem Raum sowie der Ausstattung mit Seminartechnik, Service f\u00fcr unterschiedlichste Bestuhlungen und Geschirr.<\/p>\n\n\n<figure class=\"wp-block-image size-large\"><img fetchpriority=\"high\" decoding=\"async\" width=\"1024\" height=\"799\" src=\"https:\/\/mainfeldfrankfurt.de\/wp-content\/uploads\/2021\/06\/Flur_Saal-1024x799.png\" alt=\"\" class=\"wp-image-266\" srcset=\"https:\/\/mainfeldfrankfurt.de\/wp-content\/uploads\/2021\/06\/Flur_Saal-1024x799.png 1024w, https:\/\/mainfeldfrankfurt.de\/wp-content\/uploads\/2021\/06\/Flur_Saal-300x234.png 300w, https:\/\/mainfeldfrankfurt.de\/wp-content\/uploads\/2021\/06\/Flur_Saal-768x599.png 768w, https:\/\/mainfeldfrankfurt.de\/wp-content\/uploads\/2021\/06\/Flur_Saal.png 1073w\" sizes=\"(max-width: 1024px) 100vw, 1024px\" \/><\/figure>\n","protected":false},"excerpt":{"rendered":"<p>Das Haus MAINFELD | Raum f\u00fcr Kultur wurde 2009 komplett saniert und innenarchitektonisch als Veranstaltungszentrum ausgestattet. In Passivbauweise errichtet, gew\u00e4hrleistet es g\u00fcnstige Betriebskosten, die wir an die Mieterinnen und Mieter weitergeben. Wir bieten eine umfangreiche Ausstattung f\u00fcr verschiedenste Veranstaltungen an. Diese reicht von kostenlosem WLAN sowie LAN-Anschl\u00fcsse in jedem Raum sowie der Ausstattung mit Seminartechnik, [&hellip;]<\/p>\n","protected":false},"author":1,"featured_media":0,"parent":0,"menu_order":0,"comment_status":"closed","ping_status":"closed","template":"","meta":{"footnotes":""},"class_list":["post-103","page","type-page","status-publish","czr-hentry"],"_links":{"self":[{"href":"https:\/\/mainfeldfrankfurt.de\/index.php?rest_route=\/wp\/v2\/pages\/103","targetHints":{"allow":["GET"]}}],"collection":[{"href":"https:\/\/mainfeldfrankfurt.de\/index.php?rest_route=\/wp\/v2\/pages"}],"about":[{"href":"https:\/\/mainfeldfrankfurt.de\/index.php?rest_route=\/wp\/v2\/types\/page"}],"author":[{"embeddable":true,"href":"https:\/\/mainfeldfrankfurt.de\/index.php?rest_route=\/wp\/v2\/users\/1"}],"replies":[{"embeddable":true,"href":"https:\/\/mainfeldfrankfurt.de\/index.php?rest_route=%2Fwp%2Fv2%2Fcomments&post=103"}],"version-history":[{"count":9,"href":"https:\/\/mainfeldfrankfurt.de\/index.php?rest_route=\/wp\/v2\/pages\/103\/revisions"}],"predecessor-version":[{"id":443,"href":"https:\/\/mainfeldfrankfurt.de\/index.php?rest_route=\/wp\/v2\/pages\/103\/revisions\/443"}],"wp:attachment":[{"href":"https:\/\/mainfeldfrankfurt.de\/index.php?rest_route=%2Fwp%2Fv2%2Fmedia&parent=103"}],"curies":[{"name":"wp","href":"https:\/\/api.w.org\/{rel}","templated":true}]}}