{"id":105,"date":"2021-04-19T14:25:49","date_gmt":"2021-04-19T14:25:49","guid":{"rendered":"http:\/\/mainfeldfrankfurt.de\/?page_id=105"},"modified":"2021-07-16T10:11:10","modified_gmt":"2021-07-16T10:11:10","slug":"service","status":"publish","type":"page","link":"https:\/\/mainfeldfrankfurt.de\/?page_id=105","title":{"rendered":"Service"},"content":{"rendered":"<p>Ihre Zufriedenheit ist uns besonders wichtig. Deshalb bieten wir Ihnen einen umfassenden Service: ob Sie w\u00e4hrend des Seminars eine Kopie brauchen, unsere Licht- und Beschallungsanlage nutzen m\u00f6chten oder eine Empfehlung f\u00fcr die Abendgestaltung brauchen, wir sind f\u00fcr Sie da und helfen Ihnen gerne.<\/p>\n<p>Die Mitarbeitenden der Gastronomie unserer Firma beraten Sie gerne und bieten Ihnen Vorschl\u00e4ge f\u00fcr Buffets, Fingerfood, Tagungsversorgung und Snacks. Als privat Mietende haben Sie auch die Freiheit, Ihr eigenes Catering oder Speisen mitzubringen und unsere professionellen K\u00fcchen zu nutzen.<\/p>\n<p>F\u00fcr eine reibungslose \u00dcbergabe der R\u00e4ume stehen Ihnen unsere Mitarbeitenden des Hausservice zur Verf\u00fcgung.<\/p>\n","protected":false},"excerpt":{"rendered":"<p>Ihre Zufriedenheit ist uns besonders wichtig. Deshalb bieten wir Ihnen einen umfassenden Service: ob Sie w\u00e4hrend des Seminars eine Kopie brauchen, unsere Licht- und Beschallungsanlage nutzen m\u00f6chten oder eine Empfehlung f\u00fcr die Abendgestaltung brauchen, wir sind f\u00fcr Sie da und helfen Ihnen gerne. Die Mitarbeitenden der Gastronomie unserer Firma beraten Sie gerne und bieten Ihnen [&hellip;]<\/p>\n","protected":false},"author":1,"featured_media":0,"parent":0,"menu_order":0,"comment_status":"closed","ping_status":"closed","template":"","meta":{"footnotes":""},"class_list":["post-105","page","type-page","status-publish","czr-hentry"],"_links":{"self":[{"href":"https:\/\/mainfeldfrankfurt.de\/index.php?rest_route=\/wp\/v2\/pages\/105","targetHints":{"allow":["GET"]}}],"collection":[{"href":"https:\/\/mainfeldfrankfurt.de\/index.php?rest_route=\/wp\/v2\/pages"}],"about":[{"href":"https:\/\/mainfeldfrankfurt.de\/index.php?rest_route=\/wp\/v2\/types\/page"}],"author":[{"embeddable":true,"href":"https:\/\/mainfeldfrankfurt.de\/index.php?rest_route=\/wp\/v2\/users\/1"}],"replies":[{"embeddable":true,"href":"https:\/\/mainfeldfrankfurt.de\/index.php?rest_route=%2Fwp%2Fv2%2Fcomments&post=105"}],"version-history":[{"count":7,"href":"https:\/\/mainfeldfrankfurt.de\/index.php?rest_route=\/wp\/v2\/pages\/105\/revisions"}],"predecessor-version":[{"id":439,"href":"https:\/\/mainfeldfrankfurt.de\/index.php?rest_route=\/wp\/v2\/pages\/105\/revisions\/439"}],"wp:attachment":[{"href":"https:\/\/mainfeldfrankfurt.de\/index.php?rest_route=%2Fwp%2Fv2%2Fmedia&parent=105"}],"curies":[{"name":"wp","href":"https:\/\/api.w.org\/{rel}","templated":true}]}}