{"id":116,"date":"2021-04-19T14:34:54","date_gmt":"2021-04-19T14:34:54","guid":{"rendered":"http:\/\/mainfeldfrankfurt.de\/?page_id=116"},"modified":"2021-07-16T10:16:09","modified_gmt":"2021-07-16T10:16:09","slug":"apartments","status":"publish","type":"page","link":"https:\/\/mainfeldfrankfurt.de\/?page_id=116","title":{"rendered":"Apartments"},"content":{"rendered":"<p>Das MAINFELD bietet 13 Apartments f\u00fcr \u00dcbernachstungsg\u00e4ste in den oberen Stockwerken an. Ruhig gelegen und funktional eingerichtet, verf\u00fcgen sie \u00fcber ein eigenes Duschbad. Zwei 2-Zimmer-Apartments sowie ein 3-Bett-Apartment bieten ein Bad mit Doppelnutzung. Weitere \u00dcbernachtungsm\u00f6glichkeiten finden Sie auch bei unserem Kooperationspartner, dem Tagungshotel hoffmanns h\u00f6fe, das fu\u00dfl\u00e4ufig zu erreichen ist.<\/p>\n<p>\u00dcbernachtungsg\u00e4sten bieten wir die M\u00f6glichkeit zur Selbstversorgung (K\u00fcche mit K\u00fchlschr\u00e4nken) an. F\u00fcr Gruppen bieten wir au\u00dferdem Fr\u00fchst\u00fcck im \u201cWintergarten\u201d an. Die genauen Konditionen erfragen Sie bitte im Einzelfall.<\/p>\n\n\n<figure class=\"wp-block-image size-large\"><img fetchpriority=\"high\" decoding=\"async\" width=\"1024\" height=\"712\" src=\"https:\/\/mainfeldfrankfurt.de\/wp-content\/uploads\/2021\/06\/Zimmer-1024x712.png\" alt=\"\" class=\"wp-image-234\" srcset=\"https:\/\/mainfeldfrankfurt.de\/wp-content\/uploads\/2021\/06\/Zimmer-1024x712.png 1024w, https:\/\/mainfeldfrankfurt.de\/wp-content\/uploads\/2021\/06\/Zimmer-300x209.png 300w, https:\/\/mainfeldfrankfurt.de\/wp-content\/uploads\/2021\/06\/Zimmer-768x534.png 768w, https:\/\/mainfeldfrankfurt.de\/wp-content\/uploads\/2021\/06\/Zimmer.png 1091w\" sizes=\"(max-width: 1024px) 100vw, 1024px\" \/><\/figure>\n\n\n\n<p><\/p>\n","protected":false},"excerpt":{"rendered":"<p>Das MAINFELD bietet 13 Apartments f\u00fcr \u00dcbernachstungsg\u00e4ste in den oberen Stockwerken an. Ruhig gelegen und funktional eingerichtet, verf\u00fcgen sie \u00fcber ein eigenes Duschbad. Zwei 2-Zimmer-Apartments sowie ein 3-Bett-Apartment bieten ein Bad mit Doppelnutzung. Weitere \u00dcbernachtungsm\u00f6glichkeiten finden Sie auch bei unserem Kooperationspartner, dem Tagungshotel hoffmanns h\u00f6fe, das fu\u00dfl\u00e4ufig zu erreichen ist. \u00dcbernachtungsg\u00e4sten bieten wir die M\u00f6glichkeit [&hellip;]<\/p>\n","protected":false},"author":1,"featured_media":0,"parent":0,"menu_order":0,"comment_status":"closed","ping_status":"closed","template":"","meta":{"footnotes":""},"class_list":["post-116","page","type-page","status-publish","czr-hentry"],"_links":{"self":[{"href":"https:\/\/mainfeldfrankfurt.de\/index.php?rest_route=\/wp\/v2\/pages\/116","targetHints":{"allow":["GET"]}}],"collection":[{"href":"https:\/\/mainfeldfrankfurt.de\/index.php?rest_route=\/wp\/v2\/pages"}],"about":[{"href":"https:\/\/mainfeldfrankfurt.de\/index.php?rest_route=\/wp\/v2\/types\/page"}],"author":[{"embeddable":true,"href":"https:\/\/mainfeldfrankfurt.de\/index.php?rest_route=\/wp\/v2\/users\/1"}],"replies":[{"embeddable":true,"href":"https:\/\/mainfeldfrankfurt.de\/index.php?rest_route=%2Fwp%2Fv2%2Fcomments&post=116"}],"version-history":[{"count":14,"href":"https:\/\/mainfeldfrankfurt.de\/index.php?rest_route=\/wp\/v2\/pages\/116\/revisions"}],"predecessor-version":[{"id":440,"href":"https:\/\/mainfeldfrankfurt.de\/index.php?rest_route=\/wp\/v2\/pages\/116\/revisions\/440"}],"wp:attachment":[{"href":"https:\/\/mainfeldfrankfurt.de\/index.php?rest_route=%2Fwp%2Fv2%2Fmedia&parent=116"}],"curies":[{"name":"wp","href":"https:\/\/api.w.org\/{rel}","templated":true}]}}