{"id":127,"date":"2021-04-19T14:38:04","date_gmt":"2021-04-19T14:38:04","guid":{"rendered":"http:\/\/mainfeldfrankfurt.de\/?page_id=127"},"modified":"2026-01-13T07:26:54","modified_gmt":"2026-01-13T07:26:54","slug":"preisliste","status":"publish","type":"page","link":"https:\/\/mainfeldfrankfurt.de\/?page_id=127","title":{"rendered":"Preisliste"},"content":{"rendered":"\t\t<div data-elementor-type=\"wp-page\" data-elementor-id=\"127\" class=\"elementor elementor-127\">\n\t\t\t\t\t\t<section class=\"elementor-section elementor-top-section elementor-element elementor-element-2812ac47 elementor-section-boxed elementor-section-height-default elementor-section-height-default\" data-id=\"2812ac47\" data-element_type=\"section\">\n\t\t\t\t\t\t<div class=\"elementor-container elementor-column-gap-default\">\n\t\t\t\t\t<div class=\"elementor-column elementor-col-100 elementor-top-column elementor-element elementor-element-7cfdc52e\" data-id=\"7cfdc52e\" data-element_type=\"column\">\n\t\t\t<div class=\"elementor-widget-wrap elementor-element-populated\">\n\t\t\t\t\t\t<div class=\"elementor-element elementor-element-60ef4f7e elementor-widget elementor-widget-text-editor\" data-id=\"60ef4f7e\" data-element_type=\"widget\" data-widget_type=\"text-editor.default\">\n\t\t\t\t<div class=\"elementor-widget-container\">\n\t\t\t\t\t\t\t\t\t<p>\u00a0<\/p>\n<p><!-- \/wp:paragraph --><\/p>\n<table style=\"height: 959px;\" border=\"0\" width=\"519\">\n<tbody>\n<tr>\n<td><strong>RAUM<\/strong><\/td>\n<td><strong>GR\u00d6SSE<\/strong><\/td>\n<td><strong>ALLGEMEINE<br \/>NUTZUNG<\/strong><\/td>\n<td><strong>GEF\u00d6RDERTE<br \/>NUTZUNG*<\/strong><\/td>\n<\/tr>\n<tr>\n<td><strong>SAAL<\/strong><\/td>\n<td>206 m\u00b2<\/td>\n<td>650,00 \u20ac<\/td>\n<td>150,00 \u20ac<\/td>\n<\/tr>\n<tr>\n<td colspan=\"4\"><strong><br \/>SEMINARR\u00c4UME<\/strong><\/td>\n<td>\u00a0<\/td>\n<td>\u00a0<\/td>\n<td>\u00a0<\/td>\n<td>\u00a0<\/td>\n<\/tr>\n<tr>\n<td><strong>005<\/strong><\/td>\n<td>29 m\u00b2<\/td>\n<td>\u00a085,00 \u20ac<\/td>\n<td><span style=\"font-size: 17.1px;\">\u00a040<\/span>,00 \u20ac<\/td>\n<\/tr>\n<tr>\n<td><strong>006<\/strong><\/td>\n<td>30 m\u00b2<\/td>\n<td><span style=\"font-size: 17.1px;\">\u00a085<\/span>,00 \u20ac<\/td>\n<td><span style=\"font-size: 17.1px;\">\u00a040<\/span>,00 \u20ac<\/td>\n<td>\u00a0<\/td>\n<td>\u00a0<\/td>\n<td>\u00a0<\/td>\n<td>\u00a0<\/td>\n<\/tr>\n<tr>\n<td><strong>102<\/strong><\/td>\n<td>18,5 m\u00b2<\/td>\n<td>\u00a070,00 \u20ac<\/td>\n<td><span style=\"font-size: 17.1px;\">\u00a040<\/span>,00 \u20ac<\/td>\n<\/tr>\n<tr>\n<td><strong>103<\/strong><\/td>\n<td>16,5 m\u00b2<\/td>\n<td>\u00a070,00 \u20ac<\/td>\n<td><span style=\"font-size: 17.1px;\">\u00a040<\/span>,00 \u20ac<\/td>\n<\/tr>\n<tr>\n<td><strong>104<\/strong><\/td>\n<td>25,5 m\u00b2<\/td>\n<td>\u00a085,00 \u20ac<\/td>\n<td><span style=\"font-size: 17.1px;\">\u00a040<\/span>,00 \u20ac<\/td>\n<\/tr>\n<tr>\n<td><strong>106<\/strong><\/td>\n<td>47 m\u00b2<\/td>\n<td>110,00 \u20ac<\/td>\n<td><span style=\"font-size: 17.1px;\">\u00a040<\/span>,00 \u20ac<\/td>\n<\/tr>\n<tr>\n<td colspan=\"2\"><strong><br \/>WINTERGARTEN<br \/><\/strong><\/td>\n<td>\u00a070,00 \u20ac<\/td>\n<td><span style=\"font-size: 17.1px;\">\u00a040<\/span>,00 \u20ac<\/td>\n<\/tr>\n<tr>\n<td colspan=\"2\"><strong>K\u00dcCHE SAAL<\/strong><\/td>\n<td>105,00 \u20ac<\/td>\n<td>105,00 \u20ac<\/td>\n<\/tr>\n<tr>\n<td colspan=\"2\"><strong>K\u00dcCHE WINTERGARTEN<\/strong><\/td>\n<td>105,00 \u20ac<\/td>\n<td>105,00 \u20ac<\/td>\n<\/tr>\n<tr>\n<td colspan=\"2\"><strong>ENDREINIGUNG SAAL<\/strong><\/td>\n<td>120,00 \u20ac<\/td>\n<td>120,00 \u20ac<\/td>\n<\/tr>\n<tr>\n<td colspan=\"2\"><strong>ENDREINIGUNG K\u00dcCHE**<\/strong><\/td>\n<td>\u00a095,00 \u20ac<\/td>\n<td>\u00a095,00 \u20ac<\/td>\n<\/tr>\n<tr>\n<td colspan=\"2\"><strong>REINIGUNG SEMINARRAUM<\/strong><\/td>\n<td>\u00a040,00 \u20ac<\/td>\n<td>\u00a040,00 \u20ac<\/td>\n<\/tr>\n<tr>\n<td colspan=\"4\"><strong>APARTMENTS<\/strong><\/td>\n<\/tr>\n<tr>\n<td colspan=\"2\" align=\"left\" valign=\"top\">\n<p>Einzelzimmer<br \/>Doppelzimmer<br \/>pro \u00dcbernachtung ohne Fr\u00fchst\u00fcck<\/p>\n<\/td>\n<td valign=\"top\">\n<p>\u00a079,00 \u20ac<br \/>\u00a0109,00 \u20ac<\/p>\n<\/td>\n<\/tr>\n<\/tbody>\n<\/table>\n<p><span style=\"background-color: inherit; color: var( --e-global-color-text ); font-family: var( --e-global-typography-text-font-family ), Sans-serif; font-size: 1.2em; font-weight: var( --e-global-typography-text-font-weight ); text-align: inherit;\">Gerne erstellen wir Ihnen ein individuelles Angebot mit weiteren Service- oder Cateringangeboten. Rufen Sie uns dazu gerne an oder senden Sie uns Ihre Anfrage per Email.<\/span><\/p>\n<p>*\u00a0 \u00a0 \u00a0Gemeinn\u00fctzige Vereine und Organisationen, die durch Beschluss des Stadtparlaments benannt sind, k\u00f6nnen die R\u00e4ume zu g\u00fcnstigen, gef\u00f6rderten Konditionen anmieten (Nachweis erforderlich).\u00a0<br \/>** Bei starker Verunreinigung rechnen wir nach Stunden ab.\u00a0<\/p>\n<p>\u00a0<\/p>\t\t\t\t\t\t\t\t<\/div>\n\t\t\t\t<\/div>\n\t\t\t\t\t<\/div>\n\t\t<\/div>\n\t\t\t\t\t<\/div>\n\t\t<\/section>\n\t\t\t\t<\/div>\n\t\t","protected":false},"excerpt":{"rendered":"<p>\u00a0 RAUM GR\u00d6SSE ALLGEMEINENUTZUNG GEF\u00d6RDERTENUTZUNG* SAAL 206 m\u00b2 650,00 \u20ac 150,00 \u20ac SEMINARR\u00c4UME \u00a0 \u00a0 \u00a0 \u00a0 005 29 m\u00b2 \u00a085,00 \u20ac \u00a040,00 \u20ac 006 30 m\u00b2 \u00a085,00 \u20ac \u00a040,00 \u20ac \u00a0 \u00a0 \u00a0 \u00a0 102 18,5 m\u00b2 \u00a070,00 \u20ac \u00a040,00 \u20ac 103 16,5 m\u00b2 \u00a070,00 \u20ac \u00a040,00 \u20ac 104 25,5 m\u00b2 \u00a085,00 \u20ac \u00a040,00 [&hellip;]<\/p>\n","protected":false},"author":1,"featured_media":0,"parent":0,"menu_order":0,"comment_status":"closed","ping_status":"closed","template":"","meta":{"footnotes":""},"class_list":["post-127","page","type-page","status-publish","czr-hentry"],"_links":{"self":[{"href":"https:\/\/mainfeldfrankfurt.de\/index.php?rest_route=\/wp\/v2\/pages\/127","targetHints":{"allow":["GET"]}}],"collection":[{"href":"https:\/\/mainfeldfrankfurt.de\/index.php?rest_route=\/wp\/v2\/pages"}],"about":[{"href":"https:\/\/mainfeldfrankfurt.de\/index.php?rest_route=\/wp\/v2\/types\/page"}],"author":[{"embeddable":true,"href":"https:\/\/mainfeldfrankfurt.de\/index.php?rest_route=\/wp\/v2\/users\/1"}],"replies":[{"embeddable":true,"href":"https:\/\/mainfeldfrankfurt.de\/index.php?rest_route=%2Fwp%2Fv2%2Fcomments&post=127"}],"version-history":[{"count":39,"href":"https:\/\/mainfeldfrankfurt.de\/index.php?rest_route=\/wp\/v2\/pages\/127\/revisions"}],"predecessor-version":[{"id":549,"href":"https:\/\/mainfeldfrankfurt.de\/index.php?rest_route=\/wp\/v2\/pages\/127\/revisions\/549"}],"wp:attachment":[{"href":"https:\/\/mainfeldfrankfurt.de\/index.php?rest_route=%2Fwp%2Fv2%2Fmedia&parent=127"}],"curies":[{"name":"wp","href":"https:\/\/api.w.org\/{rel}","templated":true}]}}