{"id":129,"date":"2021-04-19T14:38:17","date_gmt":"2021-04-19T14:38:17","guid":{"rendered":"http:\/\/mainfeldfrankfurt.de\/?page_id=129"},"modified":"2021-07-05T11:58:30","modified_gmt":"2021-07-05T11:58:30","slug":"mietbedingungen","status":"publish","type":"page","link":"https:\/\/mainfeldfrankfurt.de\/?page_id=129","title":{"rendered":"Mietbedingungen"},"content":{"rendered":"<p>Die R\u00e4umlichkeiten des B\u00fcrgerhauses sind zur Nutzung als Seminar- oder Veranstaltungsraum geplant und eingerichtet. Sie sollen entsprechend pfleglich genutzt werden. Die R\u00e4ume werden Ihnen in gereinigtem Zustand \u00fcbergeben und m\u00fcssen in besenreinem Zustand zur\u00fcckgegeben werden.<\/p>\n<p>Die genauen Konditionen werden bei Buchung in Form eines Mietvertrags vereinbart.<\/p>\n\n\n<p><\/p>\n","protected":false},"excerpt":{"rendered":"<p>Die R\u00e4umlichkeiten des B\u00fcrgerhauses sind zur Nutzung als Seminar- oder Veranstaltungsraum geplant und eingerichtet. Sie sollen entsprechend pfleglich genutzt werden. Die R\u00e4ume werden Ihnen in gereinigtem Zustand \u00fcbergeben und m\u00fcssen in besenreinem Zustand zur\u00fcckgegeben werden. Die genauen Konditionen werden bei Buchung in Form eines Mietvertrags vereinbart.<\/p>\n","protected":false},"author":1,"featured_media":0,"parent":0,"menu_order":0,"comment_status":"closed","ping_status":"closed","template":"","meta":{"footnotes":""},"class_list":["post-129","page","type-page","status-publish","czr-hentry"],"_links":{"self":[{"href":"https:\/\/mainfeldfrankfurt.de\/index.php?rest_route=\/wp\/v2\/pages\/129","targetHints":{"allow":["GET"]}}],"collection":[{"href":"https:\/\/mainfeldfrankfurt.de\/index.php?rest_route=\/wp\/v2\/pages"}],"about":[{"href":"https:\/\/mainfeldfrankfurt.de\/index.php?rest_route=\/wp\/v2\/types\/page"}],"author":[{"embeddable":true,"href":"https:\/\/mainfeldfrankfurt.de\/index.php?rest_route=\/wp\/v2\/users\/1"}],"replies":[{"embeddable":true,"href":"https:\/\/mainfeldfrankfurt.de\/index.php?rest_route=%2Fwp%2Fv2%2Fcomments&post=129"}],"version-history":[{"count":10,"href":"https:\/\/mainfeldfrankfurt.de\/index.php?rest_route=\/wp\/v2\/pages\/129\/revisions"}],"predecessor-version":[{"id":342,"href":"https:\/\/mainfeldfrankfurt.de\/index.php?rest_route=\/wp\/v2\/pages\/129\/revisions\/342"}],"wp:attachment":[{"href":"https:\/\/mainfeldfrankfurt.de\/index.php?rest_route=%2Fwp%2Fv2%2Fmedia&parent=129"}],"curies":[{"name":"wp","href":"https:\/\/api.w.org\/{rel}","templated":true}]}}