{"id":51,"date":"2021-04-19T13:13:35","date_gmt":"2021-04-19T13:13:35","guid":{"rendered":"http:\/\/mainfeldfrankfurt.de\/?page_id=51"},"modified":"2021-07-26T13:31:37","modified_gmt":"2021-07-26T13:31:37","slug":"home","status":"publish","type":"page","link":"https:\/\/mainfeldfrankfurt.de\/","title":{"rendered":"Home"},"content":{"rendered":"\n<h2 class=\"has-text-align-center wp-block-heading\">MAINFELD | RAUM F\u00dcR KULTUR<\/h2>\n\n\n\n<p>MAINFELD | Raum f\u00fcr Kultur ist ein Kultur- und Vereinszentrum im Stadtteil Niederrad in Frankfurt am Main. Es steht B\u00fcrgern, Vereinen, Institutionen und Firmen offen und ist ein Ort f\u00fcr kulturelles, soziales und politisches Leben im Stadtteil.<\/p>\n\n\n\n<p>Menschen, Gruppen und deren Projekte, Ideen und Tr\u00e4ume brauchen Raum um sich entfalten zu k\u00f6nnen. Das MAINFELD gibt ihnen diesen Raum und macht Begegnungen und Meinungsaustausch m\u00f6glich. Daf\u00fcr bietet es Platz f\u00fcr Vereine, Firmen und Privatpersonen, f\u00fcr Jubil\u00e4en, Feste, Kunst, Musik und Theater.<\/p>\n","protected":false},"excerpt":{"rendered":"<p>MAINFELD | RAUM F\u00dcR KULTUR MAINFELD | Raum f\u00fcr Kultur ist ein Kultur- und Vereinszentrum im Stadtteil Niederrad in Frankfurt am Main. Es steht B\u00fcrgern, Vereinen, Institutionen und Firmen offen und ist ein Ort f\u00fcr kulturelles, soziales und politisches Leben im Stadtteil. Menschen, Gruppen und deren Projekte, Ideen und Tr\u00e4ume brauchen Raum um sich entfalten [&hellip;]<\/p>\n","protected":false},"author":1,"featured_media":0,"parent":0,"menu_order":0,"comment_status":"closed","ping_status":"closed","template":"","meta":{"footnotes":""},"class_list":["post-51","page","type-page","status-publish","czr-hentry"],"_links":{"self":[{"href":"https:\/\/mainfeldfrankfurt.de\/index.php?rest_route=\/wp\/v2\/pages\/51","targetHints":{"allow":["GET"]}}],"collection":[{"href":"https:\/\/mainfeldfrankfurt.de\/index.php?rest_route=\/wp\/v2\/pages"}],"about":[{"href":"https:\/\/mainfeldfrankfurt.de\/index.php?rest_route=\/wp\/v2\/types\/page"}],"author":[{"embeddable":true,"href":"https:\/\/mainfeldfrankfurt.de\/index.php?rest_route=\/wp\/v2\/users\/1"}],"replies":[{"embeddable":true,"href":"https:\/\/mainfeldfrankfurt.de\/index.php?rest_route=%2Fwp%2Fv2%2Fcomments&post=51"}],"version-history":[{"count":7,"href":"https:\/\/mainfeldfrankfurt.de\/index.php?rest_route=\/wp\/v2\/pages\/51\/revisions"}],"predecessor-version":[{"id":471,"href":"https:\/\/mainfeldfrankfurt.de\/index.php?rest_route=\/wp\/v2\/pages\/51\/revisions\/471"}],"wp:attachment":[{"href":"https:\/\/mainfeldfrankfurt.de\/index.php?rest_route=%2Fwp%2Fv2%2Fmedia&parent=51"}],"curies":[{"name":"wp","href":"https:\/\/api.w.org\/{rel}","templated":true}]}}