{"id":8,"date":"2021-04-19T09:48:19","date_gmt":"2021-04-19T09:48:19","guid":{"rendered":"http:\/\/mainfeldfrankfurt.de\/?page_id=8"},"modified":"2021-07-05T08:34:22","modified_gmt":"2021-07-05T08:34:22","slug":"about","status":"publish","type":"page","link":"https:\/\/mainfeldfrankfurt.de\/?page_id=8","title":{"rendered":"Angebot"},"content":{"rendered":"\n<p>Zwischen dem alten Stadtkern Niederrad und dem Main gelegen, bietet das Kulturzentrum MAINFELD verschiedene R\u00e4ume unterschiedlicher Gr\u00f6\u00dfe f\u00fcr Tagungen, Kultur und Feste an. Regelm\u00e4\u00dfige Veranstaltungen von Vereinen und gemeinn\u00fctzigen Organisationen k\u00f6nnen hier genauso stattfinden, wie Feiern, Seminare oder Firmen-Events.<\/p>\n\n\n\n<p>Die N\u00e4he zum Mainufer und dem nahen Elli-Lucht-Park sowie die gut erreichbare Lage und die kombinierbaren Angebote f\u00fcr Service, Catering und \u00dcbernachtung machen das MAINFELD als Veranstaltungs- und Aufenthaltsort besonders attraktiv.<\/p>\n","protected":false},"excerpt":{"rendered":"<p>Zwischen dem alten Stadtkern Niederrad und dem Main gelegen, bietet das Kulturzentrum MAINFELD verschiedene R\u00e4ume unterschiedlicher Gr\u00f6\u00dfe f\u00fcr Tagungen, Kultur und Feste an. Regelm\u00e4\u00dfige Veranstaltungen von Vereinen und gemeinn\u00fctzigen Organisationen k\u00f6nnen hier genauso stattfinden, wie Feiern, Seminare oder Firmen-Events. Die N\u00e4he zum Mainufer und dem nahen Elli-Lucht-Park sowie die gut erreichbare Lage und die kombinierbaren [&hellip;]<\/p>\n","protected":false},"author":1,"featured_media":0,"parent":0,"menu_order":0,"comment_status":"closed","ping_status":"closed","template":"","meta":{"footnotes":""},"class_list":["post-8","page","type-page","status-publish","czr-hentry"],"_links":{"self":[{"href":"https:\/\/mainfeldfrankfurt.de\/index.php?rest_route=\/wp\/v2\/pages\/8","targetHints":{"allow":["GET"]}}],"collection":[{"href":"https:\/\/mainfeldfrankfurt.de\/index.php?rest_route=\/wp\/v2\/pages"}],"about":[{"href":"https:\/\/mainfeldfrankfurt.de\/index.php?rest_route=\/wp\/v2\/types\/page"}],"author":[{"embeddable":true,"href":"https:\/\/mainfeldfrankfurt.de\/index.php?rest_route=\/wp\/v2\/users\/1"}],"replies":[{"embeddable":true,"href":"https:\/\/mainfeldfrankfurt.de\/index.php?rest_route=%2Fwp%2Fv2%2Fcomments&post=8"}],"version-history":[{"count":6,"href":"https:\/\/mainfeldfrankfurt.de\/index.php?rest_route=\/wp\/v2\/pages\/8\/revisions"}],"predecessor-version":[{"id":325,"href":"https:\/\/mainfeldfrankfurt.de\/index.php?rest_route=\/wp\/v2\/pages\/8\/revisions\/325"}],"wp:attachment":[{"href":"https:\/\/mainfeldfrankfurt.de\/index.php?rest_route=%2Fwp%2Fv2%2Fmedia&parent=8"}],"curies":[{"name":"wp","href":"https:\/\/api.w.org\/{rel}","templated":true}]}}