{"id":86,"date":"2021-04-19T14:21:18","date_gmt":"2021-04-19T14:21:18","guid":{"rendered":"http:\/\/mainfeldfrankfurt.de\/?page_id=86"},"modified":"2021-07-05T12:00:50","modified_gmt":"2021-07-05T12:00:50","slug":"kontakt","status":"publish","type":"page","link":"https:\/\/mainfeldfrankfurt.de\/?page_id=86","title":{"rendered":"Kontakt"},"content":{"rendered":"<p>MAINFELD | Raum f\u00fcr Kultur<br \/>Im Mainfeld 6<br \/>60528 Frankfurt am Main \u00a0<br \/>fon 069 | 67 72 48 11<br \/>fax 069 | 67 72 51 13<\/p>\n<div><a href=\"mailto:info@mainfeldfrankfurt.de\">info@mainfeldfrankfurt.de<\/a><\/div>\n<div>\u00a0<\/div>\n<div>Wenn Sie als Verein, Unternehmen oder Privatperson an unserem Angebot interessiert sind, dann rufen Sie uns gerne an oder schicken Sie Ihre Anfrage per Email. Wir werden Ihnen in K\u00fcrze ein unverbindliches Angebot erstellen.<\/div>\n<div>\u00a0<\/div>\n<div>Wir w\u00fcrden uns freuen, Sie demn\u00e4chst im MAINFELD begr\u00fc\u00dfen zu d\u00fcrfen.<\/div>\n<div>\u00a0<\/div>\n\n\n<figure class=\"wp-block-image size-large\"><img fetchpriority=\"high\" decoding=\"async\" width=\"947\" height=\"710\" src=\"https:\/\/mainfeldfrankfurt.de\/wp-content\/uploads\/2021\/06\/Schild_Seitenansicht-1.png\" alt=\"\" class=\"wp-image-261\" srcset=\"https:\/\/mainfeldfrankfurt.de\/wp-content\/uploads\/2021\/06\/Schild_Seitenansicht-1.png 947w, https:\/\/mainfeldfrankfurt.de\/wp-content\/uploads\/2021\/06\/Schild_Seitenansicht-1-300x225.png 300w, https:\/\/mainfeldfrankfurt.de\/wp-content\/uploads\/2021\/06\/Schild_Seitenansicht-1-768x576.png 768w\" sizes=\"(max-width: 947px) 100vw, 947px\" \/><\/figure>\n","protected":false},"excerpt":{"rendered":"<p>MAINFELD | Raum f\u00fcr KulturIm Mainfeld 660528 Frankfurt am Main \u00a0fon 069 | 67 72 48 11fax 069 | 67 72 51 13 info@mainfeldfrankfurt.de \u00a0 Wenn Sie als Verein, Unternehmen oder Privatperson an unserem Angebot interessiert sind, dann rufen Sie uns gerne an oder schicken Sie Ihre Anfrage per Email. Wir werden Ihnen in K\u00fcrze [&hellip;]<\/p>\n","protected":false},"author":1,"featured_media":0,"parent":0,"menu_order":0,"comment_status":"closed","ping_status":"closed","template":"","meta":{"footnotes":""},"class_list":["post-86","page","type-page","status-publish","czr-hentry"],"_links":{"self":[{"href":"https:\/\/mainfeldfrankfurt.de\/index.php?rest_route=\/wp\/v2\/pages\/86","targetHints":{"allow":["GET"]}}],"collection":[{"href":"https:\/\/mainfeldfrankfurt.de\/index.php?rest_route=\/wp\/v2\/pages"}],"about":[{"href":"https:\/\/mainfeldfrankfurt.de\/index.php?rest_route=\/wp\/v2\/types\/page"}],"author":[{"embeddable":true,"href":"https:\/\/mainfeldfrankfurt.de\/index.php?rest_route=\/wp\/v2\/users\/1"}],"replies":[{"embeddable":true,"href":"https:\/\/mainfeldfrankfurt.de\/index.php?rest_route=%2Fwp%2Fv2%2Fcomments&post=86"}],"version-history":[{"count":8,"href":"https:\/\/mainfeldfrankfurt.de\/index.php?rest_route=\/wp\/v2\/pages\/86\/revisions"}],"predecessor-version":[{"id":344,"href":"https:\/\/mainfeldfrankfurt.de\/index.php?rest_route=\/wp\/v2\/pages\/86\/revisions\/344"}],"wp:attachment":[{"href":"https:\/\/mainfeldfrankfurt.de\/index.php?rest_route=%2Fwp%2Fv2%2Fmedia&parent=86"}],"curies":[{"name":"wp","href":"https:\/\/api.w.org\/{rel}","templated":true}]}}