{"id":9,"date":"2021-04-19T09:48:20","date_gmt":"2021-04-19T09:48:20","guid":{"rendered":"http:\/\/mainfeldfrankfurt.de\/?page_id=9"},"modified":"2021-07-05T11:52:04","modified_gmt":"2021-07-05T11:52:04","slug":"contact","status":"publish","type":"page","link":"https:\/\/mainfeldfrankfurt.de\/?page_id=9","title":{"rendered":"Preise"},"content":{"rendered":"\n<p>Unser Angebot sind kosteng\u00fcnstige, moderne R\u00e4ume mit umfassender Betreuung und bestem Service. Vereinen und Genossenschaften aus Frankfurt bieten wir besonders g\u00fcnstige Konditionen an. Hierzu ist die Vorlage eines genehmigten Antrags an den Magistrat der Stadt notwendig. <\/p>\n\n\n\n<p><\/p>\n","protected":false},"excerpt":{"rendered":"<p>Unser Angebot sind kosteng\u00fcnstige, moderne R\u00e4ume mit umfassender Betreuung und bestem Service. Vereinen und Genossenschaften aus Frankfurt bieten wir besonders g\u00fcnstige Konditionen an. Hierzu ist die Vorlage eines genehmigten Antrags an den Magistrat der Stadt notwendig.<\/p>\n","protected":false},"author":1,"featured_media":0,"parent":0,"menu_order":0,"comment_status":"closed","ping_status":"closed","template":"","meta":{"footnotes":""},"class_list":["post-9","page","type-page","status-publish","czr-hentry"],"_links":{"self":[{"href":"https:\/\/mainfeldfrankfurt.de\/index.php?rest_route=\/wp\/v2\/pages\/9","targetHints":{"allow":["GET"]}}],"collection":[{"href":"https:\/\/mainfeldfrankfurt.de\/index.php?rest_route=\/wp\/v2\/pages"}],"about":[{"href":"https:\/\/mainfeldfrankfurt.de\/index.php?rest_route=\/wp\/v2\/types\/page"}],"author":[{"embeddable":true,"href":"https:\/\/mainfeldfrankfurt.de\/index.php?rest_route=\/wp\/v2\/users\/1"}],"replies":[{"embeddable":true,"href":"https:\/\/mainfeldfrankfurt.de\/index.php?rest_route=%2Fwp%2Fv2%2Fcomments&post=9"}],"version-history":[{"count":6,"href":"https:\/\/mainfeldfrankfurt.de\/index.php?rest_route=\/wp\/v2\/pages\/9\/revisions"}],"predecessor-version":[{"id":338,"href":"https:\/\/mainfeldfrankfurt.de\/index.php?rest_route=\/wp\/v2\/pages\/9\/revisions\/338"}],"wp:attachment":[{"href":"https:\/\/mainfeldfrankfurt.de\/index.php?rest_route=%2Fwp%2Fv2%2Fmedia&parent=9"}],"curies":[{"name":"wp","href":"https:\/\/api.w.org\/{rel}","templated":true}]}}