{"id":90,"date":"2021-04-19T14:23:09","date_gmt":"2021-04-19T14:23:09","guid":{"rendered":"http:\/\/mainfeldfrankfurt.de\/?page_id=90"},"modified":"2021-07-07T10:55:04","modified_gmt":"2021-07-07T10:55:04","slug":"anreise","status":"publish","type":"page","link":"https:\/\/mainfeldfrankfurt.de\/?page_id=90","title":{"rendered":"Anreise"},"content":{"rendered":"\n<div class=\"wp-block-group\"><div class=\"wp-block-group__inner-container is-layout-flow wp-block-group-is-layout-flow\">\n<p>Anfahrt mit Stra\u00dfenbahn | Bus<\/p>\n<p>Bus 84 | bis Kelsterbacher Stra\u00dfe | Haltestelle direkt vor der T\u00fcr<\/p>\n<p>Tram 12 15 19 21 | bis Niederr\u00e4der Landstra\u00dfe | Fu\u00dfweg 8 min<\/p>\n<p>Tram 15 | bis Schwarzwaldstra\u00dfe | Fu\u00dfweg 7 min<\/p>\n<p>Bus 61 | bis Triftstra\u00dfe | Fu\u00dfweg 11 min<\/p>\n<p>Eine begrenzte Zahl an Parkpl\u00e4tzen steht hinter dem Haus zur Verf\u00fcgung.<\/p>\n<p>Wir empfehlen die Anreise mit \u00f6ffentlichen Verkehrsmitteln.<\/p>\n<h5>ADRESSE<\/h5>\n<p>MAINFELD | Raum f\u00fcr Kultur<br \/>Im Mainfeld 6<br \/>60528 Frankfurt am Main<br \/>fon 069 | 67 72 48 11<br \/>fax 069 | 67 72 51 13<br \/><a href=\"mailto:info@mainfeld.de\">info@mainfeldfrankfurt.de<\/a><\/p>\n<\/div><\/div>\n","protected":false},"excerpt":{"rendered":"<p>Anfahrt mit Stra\u00dfenbahn | Bus Bus 84 | bis Kelsterbacher Stra\u00dfe | Haltestelle direkt vor der T\u00fcr Tram 12 15 19 21 | bis Niederr\u00e4der Landstra\u00dfe | Fu\u00dfweg 8 min Tram 15 | bis Schwarzwaldstra\u00dfe | Fu\u00dfweg 7 min Bus 61 | bis Triftstra\u00dfe | Fu\u00dfweg 11 min Eine begrenzte Zahl an Parkpl\u00e4tzen steht hinter [&hellip;]<\/p>\n","protected":false},"author":1,"featured_media":0,"parent":0,"menu_order":0,"comment_status":"closed","ping_status":"closed","template":"","meta":{"footnotes":""},"class_list":["post-90","page","type-page","status-publish","czr-hentry"],"_links":{"self":[{"href":"https:\/\/mainfeldfrankfurt.de\/index.php?rest_route=\/wp\/v2\/pages\/90","targetHints":{"allow":["GET"]}}],"collection":[{"href":"https:\/\/mainfeldfrankfurt.de\/index.php?rest_route=\/wp\/v2\/pages"}],"about":[{"href":"https:\/\/mainfeldfrankfurt.de\/index.php?rest_route=\/wp\/v2\/types\/page"}],"author":[{"embeddable":true,"href":"https:\/\/mainfeldfrankfurt.de\/index.php?rest_route=\/wp\/v2\/users\/1"}],"replies":[{"embeddable":true,"href":"https:\/\/mainfeldfrankfurt.de\/index.php?rest_route=%2Fwp%2Fv2%2Fcomments&post=90"}],"version-history":[{"count":9,"href":"https:\/\/mainfeldfrankfurt.de\/index.php?rest_route=\/wp\/v2\/pages\/90\/revisions"}],"predecessor-version":[{"id":418,"href":"https:\/\/mainfeldfrankfurt.de\/index.php?rest_route=\/wp\/v2\/pages\/90\/revisions\/418"}],"wp:attachment":[{"href":"https:\/\/mainfeldfrankfurt.de\/index.php?rest_route=%2Fwp%2Fv2%2Fmedia&parent=90"}],"curies":[{"name":"wp","href":"https:\/\/api.w.org\/{rel}","templated":true}]}}