{"id":92,"date":"2021-04-19T14:23:26","date_gmt":"2021-04-19T14:23:26","guid":{"rendered":"http:\/\/mainfeldfrankfurt.de\/?page_id=92"},"modified":"2026-01-08T12:02:27","modified_gmt":"2026-01-08T12:02:27","slug":"impressum","status":"publish","type":"page","link":"https:\/\/mainfeldfrankfurt.de\/?page_id=92","title":{"rendered":"Impressum"},"content":{"rendered":"\t\t<div data-elementor-type=\"wp-page\" data-elementor-id=\"92\" class=\"elementor elementor-92\">\n\t\t\t\t\t\t<section class=\"elementor-section elementor-top-section elementor-element elementor-element-22e13c17 elementor-section-boxed elementor-section-height-default elementor-section-height-default\" data-id=\"22e13c17\" data-element_type=\"section\">\n\t\t\t\t\t\t<div class=\"elementor-container elementor-column-gap-default\">\n\t\t\t\t\t<div class=\"elementor-column elementor-col-100 elementor-top-column elementor-element elementor-element-19b1506f\" data-id=\"19b1506f\" data-element_type=\"column\">\n\t\t\t<div class=\"elementor-widget-wrap elementor-element-populated\">\n\t\t\t\t\t\t<div class=\"elementor-element elementor-element-7b81b326 elementor-widget elementor-widget-text-editor\" data-id=\"7b81b326\" data-element_type=\"widget\" data-widget_type=\"text-editor.default\">\n\t\t\t\t<div class=\"elementor-widget-container\">\n\t\t\t\t\t\t\t\t\t<p>MAINFELD | Raum f\u00fcr Kultur<br \/>ist eine Einrichtung der Stadt Frankfurt am Main<\/p><p>Betreiberin ist die Kombinierte Besch\u00e4ftigungsinitiative<br \/>f\u00fcr neue Arbeit gGmbH<\/p><p>kombinat gGmbH<br \/>Wiener Stra\u00dfe 124<br \/>60599 Frankfurt am Main<\/p><p>Gesch\u00e4ftsf\u00fchrung<br \/>Steffen Pohl<br \/>Katrin W\u00f6tzel<\/p><p>Fon 069 | 69 76 54 &#8211; 10<br \/>Fax 069 | 69 76 54 &#8211; 20<\/p><p><a href=\"http:\/\/www.kombinat-frankfurt.de\/\">www.kombinat-frankfurt.de<\/a><br \/><a href=\"mailto:post@kombinat-frankfurt.de\">post@kombinat-frankfurt.de<\/a><br id=\"tinymce\" class=\"mceContentBody \" dir=\"ltr\" contenteditable=\"true\" spellcheck=\"false\" \/>Handelsregister B 55821<br \/>Amtsgericht Frankfurt am Main<br \/>Ust.-ID DE 22 72 19 96 2<\/p><p>Alle Rechte vorbehalten.<\/p><p>Alle Inhalte, Layout und Design dieser Website sind urheberrechtlich gesch\u00fctzt. Eine Nutzung sowohl der Inhalte wie auch des Layouts sind nur auf Anfrage und mit ausdr\u00fccklicher Genehmigung gestattet. F\u00fcr die Inhalte externer Links \u00fcbernehmen MAINFELD | kombinat gGmbH, trotz sorgf\u00e4ltiger inhaltlicher Pr\u00fcfung, keine Haftung. F\u00fcr den Inhalt der verlinkten Seiten sind ausschlie\u00dflich deren Betreiber verantwortlich. Die Bestimmungen zum Datenschutz finden Sie <a href=\"https:\/\/mainfeldfrankfurt.de\/?page_id=94\" target=\"_blank\" rel=\"noopener\">HIER<\/a>.<\/p>\t\t\t\t\t\t\t\t<\/div>\n\t\t\t\t<\/div>\n\t\t\t\t\t<\/div>\n\t\t<\/div>\n\t\t\t\t\t<\/div>\n\t\t<\/section>\n\t\t\t\t<\/div>\n\t\t","protected":false},"excerpt":{"rendered":"<p>MAINFELD | Raum f\u00fcr Kulturist eine Einrichtung der Stadt Frankfurt am Main Betreiberin ist die Kombinierte Besch\u00e4ftigungsinitiativef\u00fcr neue Arbeit gGmbH kombinat gGmbHWiener Stra\u00dfe 12460599 Frankfurt am Main Gesch\u00e4ftsf\u00fchrungSteffen PohlKatrin W\u00f6tzel Fon 069 | 69 76 54 &#8211; 10Fax 069 | 69 76 54 &#8211; 20 www.kombinat-frankfurt.depost@kombinat-frankfurt.deHandelsregister B 55821Amtsgericht Frankfurt am MainUst.-ID DE 22 72 19 [&hellip;]<\/p>\n","protected":false},"author":1,"featured_media":0,"parent":0,"menu_order":0,"comment_status":"closed","ping_status":"closed","template":"","meta":{"footnotes":""},"class_list":["post-92","page","type-page","status-publish","czr-hentry"],"_links":{"self":[{"href":"https:\/\/mainfeldfrankfurt.de\/index.php?rest_route=\/wp\/v2\/pages\/92","targetHints":{"allow":["GET"]}}],"collection":[{"href":"https:\/\/mainfeldfrankfurt.de\/index.php?rest_route=\/wp\/v2\/pages"}],"about":[{"href":"https:\/\/mainfeldfrankfurt.de\/index.php?rest_route=\/wp\/v2\/types\/page"}],"author":[{"embeddable":true,"href":"https:\/\/mainfeldfrankfurt.de\/index.php?rest_route=\/wp\/v2\/users\/1"}],"replies":[{"embeddable":true,"href":"https:\/\/mainfeldfrankfurt.de\/index.php?rest_route=%2Fwp%2Fv2%2Fcomments&post=92"}],"version-history":[{"count":15,"href":"https:\/\/mainfeldfrankfurt.de\/index.php?rest_route=\/wp\/v2\/pages\/92\/revisions"}],"predecessor-version":[{"id":538,"href":"https:\/\/mainfeldfrankfurt.de\/index.php?rest_route=\/wp\/v2\/pages\/92\/revisions\/538"}],"wp:attachment":[{"href":"https:\/\/mainfeldfrankfurt.de\/index.php?rest_route=%2Fwp%2Fv2%2Fmedia&parent=92"}],"curies":[{"name":"wp","href":"https:\/\/api.w.org\/{rel}","templated":true}]}}