{"id":99,"date":"2021-04-19T14:25:01","date_gmt":"2021-04-19T14:25:01","guid":{"rendered":"http:\/\/mainfeldfrankfurt.de\/?page_id=99"},"modified":"2021-07-05T09:50:19","modified_gmt":"2021-07-05T09:50:19","slug":"raume","status":"publish","type":"page","link":"https:\/\/mainfeldfrankfurt.de\/?page_id=99","title":{"rendered":"R\u00e4ume"},"content":{"rendered":"<p>Das Angebot im MAINFELD umfasst verschiedene R\u00e4ume f\u00fcr Feiern, Seminare und Kulturveranstaltungen sowie die Vermietung von \u00dcbernachtungszimmern. Die Nutzung durch gemeinn\u00fctzige Organisationen und Vereine ist zentrale Aufgabe des MAINFELD.<\/p>\n<p>Folgende R\u00e4ume stehen zur Verf\u00fcgung:<br \/>7 Seminarr\u00e4ume (10 \u2013 47 qm) f\u00fcr Gruppen bis zu 30 Personen<br \/>1 Festsaal (205 qm) f\u00fcr bis zu 180 Personen<br \/>13 Apartments f\u00fcr \u00dcbernachtungsg\u00e4ste<\/p>\n\n\n<figure class=\"wp-block-image size-large\"><img fetchpriority=\"high\" decoding=\"async\" width=\"1024\" height=\"728\" src=\"https:\/\/mainfeldfrankfurt.de\/wp-content\/uploads\/2021\/06\/Schriftzuge-4-1024x728.jpg\" alt=\"\" class=\"wp-image-273\" srcset=\"https:\/\/mainfeldfrankfurt.de\/wp-content\/uploads\/2021\/06\/Schriftzuge-4-1024x728.jpg 1024w, https:\/\/mainfeldfrankfurt.de\/wp-content\/uploads\/2021\/06\/Schriftzuge-4-300x213.jpg 300w, https:\/\/mainfeldfrankfurt.de\/wp-content\/uploads\/2021\/06\/Schriftzuge-4-768x546.jpg 768w, https:\/\/mainfeldfrankfurt.de\/wp-content\/uploads\/2021\/06\/Schriftzuge-4-1536x1092.jpg 1536w, https:\/\/mainfeldfrankfurt.de\/wp-content\/uploads\/2021\/06\/Schriftzuge-4-2048x1455.jpg 2048w\" sizes=\"(max-width: 1024px) 100vw, 1024px\" \/><\/figure>\n","protected":false},"excerpt":{"rendered":"<p>Das Angebot im MAINFELD umfasst verschiedene R\u00e4ume f\u00fcr Feiern, Seminare und Kulturveranstaltungen sowie die Vermietung von \u00dcbernachtungszimmern. Die Nutzung durch gemeinn\u00fctzige Organisationen und Vereine ist zentrale Aufgabe des MAINFELD. Folgende R\u00e4ume stehen zur Verf\u00fcgung:7 Seminarr\u00e4ume (10 \u2013 47 qm) f\u00fcr Gruppen bis zu 30 Personen1 Festsaal (205 qm) f\u00fcr bis zu 180 Personen13 Apartments f\u00fcr [&hellip;]<\/p>\n","protected":false},"author":1,"featured_media":0,"parent":0,"menu_order":0,"comment_status":"closed","ping_status":"closed","template":"","meta":{"footnotes":""},"class_list":["post-99","page","type-page","status-publish","czr-hentry"],"_links":{"self":[{"href":"https:\/\/mainfeldfrankfurt.de\/index.php?rest_route=\/wp\/v2\/pages\/99","targetHints":{"allow":["GET"]}}],"collection":[{"href":"https:\/\/mainfeldfrankfurt.de\/index.php?rest_route=\/wp\/v2\/pages"}],"about":[{"href":"https:\/\/mainfeldfrankfurt.de\/index.php?rest_route=\/wp\/v2\/types\/page"}],"author":[{"embeddable":true,"href":"https:\/\/mainfeldfrankfurt.de\/index.php?rest_route=\/wp\/v2\/users\/1"}],"replies":[{"embeddable":true,"href":"https:\/\/mainfeldfrankfurt.de\/index.php?rest_route=%2Fwp%2Fv2%2Fcomments&post=99"}],"version-history":[{"count":7,"href":"https:\/\/mainfeldfrankfurt.de\/index.php?rest_route=\/wp\/v2\/pages\/99\/revisions"}],"predecessor-version":[{"id":320,"href":"https:\/\/mainfeldfrankfurt.de\/index.php?rest_route=\/wp\/v2\/pages\/99\/revisions\/320"}],"wp:attachment":[{"href":"https:\/\/mainfeldfrankfurt.de\/index.php?rest_route=%2Fwp%2Fv2%2Fmedia&parent=99"}],"curies":[{"name":"wp","href":"https:\/\/api.w.org\/{rel}","templated":true}]}}